{"id":5590,"date":"2018-05-28T12:58:31","date_gmt":"2018-05-28T12:58:31","guid":{"rendered":"https:\/\/demo.themnific.com\/historypress\/about-us"},"modified":"2018-05-28T12:58:31","modified_gmt":"2018-05-28T12:58:31","slug":"sobre","status":"publish","type":"page","link":"https:\/\/perspectivamarxista.org\/index.php\/sobre\/","title":{"rendered":"Jos\u00e9 Welmowicki (Zezoca)"},"content":{"rendered":"\n<p><em>Militante trotskista da corrente agrupada na Liga Internacional dos Trabalhadores-Quarta Internacional (LIT-QI) e do PSTU (Brasil) h\u00e1 50 anos.<\/em><\/p>\n\n\n\n<figure class=\"wp-block-image aligncenter is-resized\"><img decoding=\"async\" src=\"https:\/\/perspectivamarxista.org\/wp-content\/uploads\/2025\/05\/Zezoca-1024x814.jpg\" alt=\"\" style=\"width:603px;height:auto\"\/><\/figure>\n\n\n\n<p><\/p>\n\n\n\n<p>Zezoca nasceu em Niter\u00f3i (Estado do Rio) em 1952 de pais judeus seculares que haviam emigrado da Europa do Leste para o Brasil. Seu pai era polon\u00eas e militante do Partido Comunista, sua m\u00e3e nasceu no antigo territ\u00f3rio da Bessar\u00e1bia (hoje Mold\u00e1via). Ambos perderam a maioria dos seus familiares nos campos de concentra\u00e7\u00e3o nazistas.<\/p>\n\n\n\n<p>Zezoca come\u00e7ou uma atividade pol\u00edtica e cultural na d\u00e9cada de 60 em organiza\u00e7\u00f5es judaicas, mas logo rompeu com o sionismo de \u201cesquerda\u201d, permanecendo a partir da\u00ed como um decidido opositor do sionismo e do Estado de Israel, cujos crimes denuncia sistematicamente. Em seus artigos sempre faz quest\u00e3o de frisar que defende a causa palestina e, mesmo sendo judeu, defende o fim do Estado genocida de Israel.<\/p>\n\n\n\n<p>Na d\u00e9cada de 70, come\u00e7ou sua milit\u00e2ncia no movimento estudantil na Faculdade de Engenharia da UFF, onde foi presidente do Diret\u00f3rio Acad\u00eamicos dos Estudantes. Essa foi a pior \u00e9poca da ditadura militar brasileira, quando diret\u00f3rios estudantis foram fechados, inclusive o da Engenharia da UFF, v\u00e1rios de seus colegas foram presos e inclusive assassinados pela repress\u00e3o.<\/p>\n\n\n\n<p>Ap\u00f3s se formar como engenheiro, Zezoca fez um mestrado em Ci\u00eancias Sociais na Unicamp, onde tamb\u00e9m participou ativamente do movimento estudantil. Foi obrigado a interromper o mestrado, mas o retomou no come\u00e7o dos anos 2000 e sua tese de mestrado foi transformada depois em seu livro <strong>Cidadania e classe<\/strong>.<\/p>\n\n\n\n<p>Em 1976, aderiu a Liga Oper\u00e1ria, a primeira organiza\u00e7\u00e3o trotskista brasileira ligada \u00e0 Tend\u00eancia Bolchevique da IV Internacional dirigida por Nahuel Moreno. Desde ent\u00e3o sempre militou nas fileiras das organiza\u00e7\u00f5es que representaram essa corrente internacionalmente (a LIT-QI) e no Brasil, o Partido Socialista dos Trabalhadores (PST), a Converg\u00eancia Socialista, o Alicerce da Juventude Socialista e, finalmente, em 1994, o PSTU. Foi dirigente da Converg\u00eancia Socialista desde 1977 e participou das equipes de dire\u00e7\u00e3o dessa organiza\u00e7\u00e3o no Rio de Janeiro. S\u00e3o Paulo e ABC.<\/p>\n\n\n\n<p>Como militante socialista contra a ditadura foi monitorado pelos \u00f3rg\u00e3os de repress\u00e3o, perseguido, preso durante 4 meses em 1978, indiciado na Lei de Seguran\u00e7a Nacional (LSN) e demitido de mais de uma empresa.<\/p>\n\n\n\n<p>Em 2013 foi reconhecido como preso e perseguido pol\u00edtico pela Comiss\u00e3o de Anistia, tanto por sua pris\u00e3o como por sua participa\u00e7\u00e3o na equipe de reda\u00e7\u00e3o do jornal <i>Versus<\/i>, que foi for\u00e7ado a encerrar suas atividades pelo estrangulamento econ\u00f4mico que sofreu de parte do regime militar. Foi anistiado, mas s\u00f3 em 2024 foi conquistada a sua repara\u00e7\u00e3o econ\u00f4mica.<\/p>\n\n\n\n<p>Neste longo per\u00edodo de 5 d\u00e9cadas de milit\u00e2ncia, Zezoca se dedicou especialmente, por mais de 30 anos, \u00e0 milit\u00e2ncia internacionalista como parte do Comit\u00ea Executivo Internacional da LIT, integrante do Conselho Editorial da revista Marxismo Vivo e um dos coordenadores do Centro de Forma\u00e7\u00e3o Marxista David Riazanov. Nesse per\u00edodo, viajou a v\u00e1rios pa\u00edses e participou ativamente das discuss\u00f5es dos Congressos da LIT, dos Semin\u00e1rios e ministrou cursos de forma\u00e7\u00e3o.&nbsp;<\/p>\n\n\n\n<p>A produ\u00e7\u00e3o reunida nesse site prov\u00e9m, em sua maioria, da rica experi\u00eancia desses anos.<\/p>\n\n\n\n<p><\/p>\n","protected":false},"excerpt":{"rendered":"<p>Militante trotskista da corrente agrupada na Liga Internacional dos Trabalhadores-Quarta Internacional (LIT-QI) e do PSTU (Brasil) h\u00e1 50 anos. Zezoca nasceu em Niter\u00f3i (Estado do Rio) em 1952 de pais judeus seculares que haviam emigrado da Europa do Leste para o Brasil. Seu pai era polon\u00eas e militante do Partido Comunista, sua m\u00e3e nasceu no [&hellip;]<\/p>\n","protected":false},"author":2,"featured_media":0,"parent":0,"menu_order":0,"comment_status":"closed","ping_status":"closed","template":"","meta":{"footnotes":""},"class_list":["post-5590","page","type-page","status-publish","hentry"],"_links":{"self":[{"href":"https:\/\/perspectivamarxista.org\/index.php\/wp-json\/wp\/v2\/pages\/5590","targetHints":{"allow":["GET"]}}],"collection":[{"href":"https:\/\/perspectivamarxista.org\/index.php\/wp-json\/wp\/v2\/pages"}],"about":[{"href":"https:\/\/perspectivamarxista.org\/index.php\/wp-json\/wp\/v2\/types\/page"}],"author":[{"embeddable":true,"href":"https:\/\/perspectivamarxista.org\/index.php\/wp-json\/wp\/v2\/users\/2"}],"replies":[{"embeddable":true,"href":"https:\/\/perspectivamarxista.org\/index.php\/wp-json\/wp\/v2\/comments?post=5590"}],"version-history":[{"count":0,"href":"https:\/\/perspectivamarxista.org\/index.php\/wp-json\/wp\/v2\/pages\/5590\/revisions"}],"wp:attachment":[{"href":"https:\/\/perspectivamarxista.org\/index.php\/wp-json\/wp\/v2\/media?parent=5590"}],"curies":[{"name":"wp","href":"https:\/\/api.w.org\/{rel}","templated":true}]}}